{"id":1099,"date":"2018-04-11T12:06:41","date_gmt":"2018-04-11T10:06:41","guid":{"rendered":"https:\/\/www.mpspezinok.sk\/sk\/?page_id=1099"},"modified":"2023-01-02T12:09:44","modified_gmt":"2023-01-02T11:09:44","slug":"futbalovy-stadion","status":"publish","type":"page","link":"https:\/\/www.mpspezinok.sk\/sk\/futbalovy-stadion\/","title":{"rendered":"Futbalov\u00fd \u0161tadi\u00f3n"},"content":{"rendered":"<p>[vc_row][vc_column]<div id=\"ultimate-heading-820169e2ef8d39164\" class=\"uvc-heading ult-adjust-bottom-margin ultimate-heading-820169e2ef8d39164 uvc-4612 \" data-hspacer=\"no_spacer\"  data-halign=\"center\" style=\"text-align:center\"><div class=\"uvc-heading-spacer no_spacer\" style=\"top\"><\/div><div class=\"uvc-main-heading ult-responsive\"  data-ultimate-target='.uvc-heading.ultimate-heading-820169e2ef8d39164 h1'  data-responsive-json-new='{\"font-size\":\"desktop:50px;tablet:50px;tablet_portrait:40px;mobile_landscape:30px;mobile:30px;\",\"line-height\":\"desktop:70px;\"}' ><h1 style=\"font-family:&#039;Oswald&#039;;font-weight:normal;color:#148e39;margin-top:0px;margin-bottom:0px;\">FUTBALOV\u00dd \u0160TADI\u00d3N - PEZINOK<\/h1><\/div><\/div>[\/vc_column][\/vc_row][vc_row full_width=&#8220;stretch_row&#8220; css=&#8220;.vc_custom_1523518239909{padding-top: 10px !important;padding-bottom: 1px !important;background-color: #148e39 !important;}&#8220;][vc_column width=&#8220;1\/3&#8243; css=&#8220;.vc_custom_1491916568505{padding-top: 35px !important;}&#8220;]<div class=\"aio-icon-component    style_1\"><div id=\"Info-box-wrap-9083\" class=\"aio-icon-box left-icon\" style=\"\"  ><div class=\"aio-icon-left\"><div class=\"ult-just-icon-wrapper  \"><div class=\"align-icon\" style=\"text-align:center;\">\n<div class=\"aio-icon none \"  style=\"color:#d9d9d9;font-size:48px;display:inline-block;\">\n\t<i class=\"Defaults-map-marker\"><\/i>\n<\/div><\/div><\/div><\/div><div class=\"aio-ibd-block\"><div class=\"aio-icon-header\" ><h3 class=\"aio-icon-title ult-responsive\"  data-ultimate-target='#Info-box-wrap-9083 .aio-icon-title'  data-responsive-json-new='{\"font-size\":\"desktop:30px;\",\"line-height\":\"\"}'  style=\"font-family:&#039;Oswald&#039;;font-weight:500;color:#ffffff;\">Adresa<\/h3><\/div> <!-- header --><div class=\"aio-icon-description ult-responsive\"  data-ultimate-target='#Info-box-wrap-9083 .aio-icon-description'  data-responsive-json-new='{\"font-size\":\"desktop:18px;\",\"line-height\":\"desktop:30px;\"}'  style=\"font-family:&#039;Asap&#039;;color:#ffffff;\">Komensk\u00e9ho 30, Pezinok<\/div> <!-- description --><\/div> <!-- aio-ibd-block --><\/div> <!-- aio-icon-box --><\/div> <!-- aio-icon-component -->[\/vc_column][vc_column width=&#8220;1\/3&#8243; css=&#8220;.vc_custom_1491916576561{padding-top: 35px !important;}&#8220;]<div class=\"aio-icon-component    style_1\"><div id=\"Info-box-wrap-9351\" class=\"aio-icon-box left-icon\" style=\"\"  ><div class=\"aio-icon-left\"><div class=\"ult-just-icon-wrapper  \"><div class=\"align-icon\" style=\"text-align:center;\">\n<div class=\"aio-icon none \"  style=\"color:#d9d9d9;font-size:48px;display:inline-block;\">\n\t<i class=\"Defaults-phone\"><\/i>\n<\/div><\/div><\/div><\/div><div class=\"aio-ibd-block\"><div class=\"aio-icon-header\" ><h3 class=\"aio-icon-title ult-responsive\"  data-ultimate-target='#Info-box-wrap-9351 .aio-icon-title'  data-responsive-json-new='{\"font-size\":\"desktop:30px;\",\"line-height\":\"\"}'  style=\"font-family:&#039;Oswald&#039;;font-weight:500;color:#ffffff;\">Telef\u00f3n<\/h3><\/div> <!-- header --><div class=\"aio-icon-description ult-responsive\"  data-ultimate-target='#Info-box-wrap-9351 .aio-icon-description'  data-responsive-json-new='{\"font-size\":\"desktop:18px;\",\"line-height\":\"desktop:30px;\"}'  style=\"font-family:&#039;Asap&#039;;color:#ffffff;\">0905 341 954<\/div> <!-- description --><\/div> <!-- aio-ibd-block --><\/div> <!-- aio-icon-box --><\/div> <!-- aio-icon-component -->[\/vc_column][vc_column width=&#8220;1\/3&#8243; css=&#8220;.vc_custom_1491916584389{padding-top: 35px !important;}&#8220;]<div class=\"aio-icon-component    style_1\"><div id=\"Info-box-wrap-5234\" class=\"aio-icon-box left-icon\" style=\"\"  ><div class=\"aio-icon-left\"><div class=\"ult-just-icon-wrapper  \"><div class=\"align-icon\" style=\"text-align:center;\">\n<div class=\"aio-icon none \"  style=\"color:#d9d9d9;font-size:48px;display:inline-block;\">\n\t<i class=\"Defaults-envelope-o\"><\/i>\n<\/div><\/div><\/div><\/div><div class=\"aio-ibd-block\"><div class=\"aio-icon-header\" ><h3 class=\"aio-icon-title ult-responsive\"  data-ultimate-target='#Info-box-wrap-5234 .aio-icon-title'  data-responsive-json-new='{\"font-size\":\"desktop:30px;\",\"line-height\":\"\"}'  style=\"font-family:&#039;Oswald&#039;;font-weight:500;color:#ffffff;\">E-mail<\/h3><\/div> <!-- header --><\/div> <!-- aio-ibd-block --><\/div> <!-- aio-icon-box --><\/div> <!-- aio-icon-component -->[\/vc_column][\/vc_row][vc_row css=&#8220;.vc_custom_1524470257103{margin-top: 50px !important;background-color: #f7f7f7 !important;}&#8220;][vc_column width=&#8220;1\/3&#8243; css=&#8220;.vc_custom_1524470014448{margin-top: -50px !important;margin-bottom: -50px !important;}&#8220;]<div id=\"ultimate-heading-997669e2ef8d39440\" class=\"uvc-heading ult-adjust-bottom-margin ultimate-heading-997669e2ef8d39440 uvc-1716 \" data-hspacer=\"no_spacer\"  data-halign=\"center\" style=\"text-align:center\"><div class=\"uvc-heading-spacer no_spacer\" style=\"top\"><\/div><div class=\"uvc-main-heading ult-responsive\"  data-ultimate-target='.uvc-heading.ultimate-heading-997669e2ef8d39440 h1'  data-responsive-json-new='{\"font-size\":\"desktop:25px;\",\"line-height\":\"desktop:70px;\"}' ><h1 style=\"font-family:&#039;Oswald&#039;;font-weight:normal;color:#148e39;margin-top:0px;margin-bottom:0px;\">HLAVN\u00c9 IHRISKO<\/h1><\/div><\/div>[vc_column_text]<\/p>\n<p style=\"text-align: center;\"><span style=\"font-size: 17pt; color: #808080;\">S\u00fa\u0165a\u017en\u00e9 z\u00e1pasy, tr\u00e9ning.<\/span><\/p>\n<p>[\/vc_column_text][\/vc_column][vc_column width=&#8220;1\/3&#8243; css=&#8220;.vc_custom_1524470037895{margin-top: -50px !important;margin-bottom: -50px !important;}&#8220;]<div id=\"ultimate-heading-848369e2ef8d39468\" class=\"uvc-heading ult-adjust-bottom-margin ultimate-heading-848369e2ef8d39468 uvc-182 \" data-hspacer=\"no_spacer\"  data-halign=\"center\" style=\"text-align:center\"><div class=\"uvc-heading-spacer no_spacer\" style=\"top\"><\/div><div class=\"uvc-main-heading ult-responsive\"  data-ultimate-target='.uvc-heading.ultimate-heading-848369e2ef8d39468 h1'  data-responsive-json-new='{\"font-size\":\"desktop:25px;\",\"line-height\":\"desktop:70px;\"}' ><h1 style=\"font-family:&#039;Oswald&#039;;font-weight:normal;color:#148e39;margin-top:0px;margin-bottom:0px;\">TR\u00c9NINGOV\u00c9 IHRISKO<\/h1><\/div><\/div>[vc_column_text]<\/p>\n<p style=\"text-align: center;\"><span style=\"font-size: 17pt; color: #808080;\">Pr\u00edpravn\u00e9 z\u00e1pasy, tr\u00e9ning.<\/span><\/p>\n<p>[\/vc_column_text][\/vc_column][vc_column width=&#8220;1\/3&#8243; css=&#8220;.vc_custom_1524470046582{margin-top: -50px !important;margin-bottom: -50px !important;}&#8220;]<div id=\"ultimate-heading-696769e2ef8d3948b\" class=\"uvc-heading ult-adjust-bottom-margin ultimate-heading-696769e2ef8d3948b uvc-3516 \" data-hspacer=\"no_spacer\"  data-halign=\"center\" style=\"text-align:center\"><div class=\"uvc-heading-spacer no_spacer\" style=\"top\"><\/div><div class=\"uvc-main-heading ult-responsive\"  data-ultimate-target='.uvc-heading.ultimate-heading-696769e2ef8d3948b h1'  data-responsive-json-new='{\"font-size\":\"desktop:25px;\",\"line-height\":\"desktop:70px;\"}' ><h1 style=\"font-family:&#039;Oswald&#039;;font-weight:normal;color:#148e39;margin-top:0px;margin-bottom:0px;\">MINI FUTBALOV\u00c9 IHRISKO<\/h1><\/div><\/div>[vc_column_text]<\/p>\n<p style=\"text-align: center;\"><span style=\"font-size: 17pt; color: #808080;\">S umel\u00fdm tr\u00e1vov\u00fdm povrchom.<\/span><\/p>\n<p>[\/vc_column_text][\/vc_column][\/vc_row][vc_row css=&#8220;.vc_custom_1524470285931{margin-top: -85px !important;margin-bottom: -30px !important;}&#8220;][vc_column][vc_row_inner][vc_column_inner width=&#8220;1\/2&#8243;][vc_single_image image=&#8220;623&#8243; img_size=&#8220;full&#8220; alignment=&#8220;center&#8220;][\/vc_column_inner][vc_column_inner width=&#8220;1\/2&#8243;][vc_gmaps link=&#8220;#E-8_JTNDaWZyYW1lJTIwc3JjJTNEJTIyaHR0cHMlM0ElMkYlMkZ3d3cuZ29vZ2xlLmNvbSUyRm1hcHMlMkZlbWJlZCUzRnBiJTNEJTIxMW0xOCUyMTFtMTIlMjExbTMlMjExZDI2NTQuODc4OTYyNTIyNDk2JTIxMmQxNy4yNTYzOTEyOTU5NTI2MzIlMjEzZDQ4LjI4NTk0NDM5MjQ3ODE0JTIxMm0zJTIxMWYwJTIxMmYwJTIxM2YwJTIxM20yJTIxMWkxMDI0JTIxMmk3NjglMjE0ZjEzLjElMjEzbTMlMjExbTIlMjExczB4NDc2YzkwYzMxNzFmODhmOSUyNTNBMHhiMjc5NjY2YThjMDRlNWI2JTIxMnpSblYwWW1Gc2IzYkR2U0RGb1hSaFpHbkRzMjRzSUV0dmJXVnVjMnZEcVdodkxDQTVNRElnTURFZ1VHVjZhVzV2YXclMjE1ZTAlMjEzbTIlMjExc3NrJTIxMnNzayUyMTR2MTUyMzUxNzcwMTc3MSUyMiUyMHdpZHRoJTNEJTIyNTUwJTIyJTIwaGVpZ2h0JTNEJTIyNDEyJTIyJTIwZnJhbWVib3JkZXIlM0QlMjIwJTIyJTIwc3R5bGUlM0QlMjJib3JkZXIlM0EwJTIyJTIwYWxsb3dmdWxsc2NyZWVuJTNFJTNDJTJGaWZyYW1lJTNF&#8220;][\/vc_column_inner][\/vc_row_inner][\/vc_column][\/vc_row]<\/p>\n","protected":false},"excerpt":{"rendered":"<p>[vc_row][vc_column][\/vc_column][\/vc_row][vc_row full_width=&#8220;stretch_row&#8220; css=&#8220;.vc_custom_1523518239909{padding-top: 10px !important;padding-bottom: 1px !important;background-color: #148e39 !important;}&#8220;][vc_column width=&#8220;1\/3&#8243; css=&#8220;.vc_custom_1491916568505{padding-top: 35px !important;}&#8220;][\/vc_column][vc_column width=&#8220;1\/3&#8243; css=&#8220;.vc_custom_1491916576561{padding-top: 35px !important;}&#8220;][\/vc_column][vc_column width=&#8220;1\/3&#8243; css=&#8220;.vc_custom_1491916584389{padding-top: 35px !important;}&#8220;][\/vc_column][\/vc_row][vc_row css=&#8220;.vc_custom_1524470257103{margin-top: 50px !important;background-color: #f7f7f7 !important;}&#8220;][vc_column width=&#8220;1\/3&#8243; css=&#8220;.vc_custom_1524470014448{margin-top: -50px !important;margin-bottom: -50px !important;}&#8220;][vc_column_text] S\u00fa\u0165a\u017en\u00e9 z\u00e1pasy, tr\u00e9ning. [\/vc_column_text][\/vc_column][vc_column width=&#8220;1\/3&#8243; css=&#8220;.vc_custom_1524470037895{margin-top: -50px !important;margin-bottom:&#8230;<\/p>\n","protected":false},"author":3,"featured_media":0,"parent":0,"menu_order":0,"comment_status":"closed","ping_status":"closed","template":"","meta":[],"_links":{"self":[{"href":"https:\/\/www.mpspezinok.sk\/sk\/wp-json\/wp\/v2\/pages\/1099"}],"collection":[{"href":"https:\/\/www.mpspezinok.sk\/sk\/wp-json\/wp\/v2\/pages"}],"about":[{"href":"https:\/\/www.mpspezinok.sk\/sk\/wp-json\/wp\/v2\/types\/page"}],"author":[{"embeddable":true,"href":"https:\/\/www.mpspezinok.sk\/sk\/wp-json\/wp\/v2\/users\/3"}],"replies":[{"embeddable":true,"href":"https:\/\/www.mpspezinok.sk\/sk\/wp-json\/wp\/v2\/comments?post=1099"}],"version-history":[{"count":30,"href":"https:\/\/www.mpspezinok.sk\/sk\/wp-json\/wp\/v2\/pages\/1099\/revisions"}],"predecessor-version":[{"id":2476,"href":"https:\/\/www.mpspezinok.sk\/sk\/wp-json\/wp\/v2\/pages\/1099\/revisions\/2476"}],"wp:attachment":[{"href":"https:\/\/www.mpspezinok.sk\/sk\/wp-json\/wp\/v2\/media?parent=1099"}],"curies":[{"name":"wp","href":"https:\/\/api.w.org\/{rel}","templated":true}]}}