{"id":1102,"date":"2018-04-11T12:07:27","date_gmt":"2018-04-11T10:07:27","guid":{"rendered":"https:\/\/www.mpspezinok.sk\/sk\/?page_id=1102"},"modified":"2025-03-05T16:03:57","modified_gmt":"2025-03-05T15:03:57","slug":"zamocky-park","status":"publish","type":"page","link":"https:\/\/www.mpspezinok.sk\/sk\/zamocky-park\/","title":{"rendered":"Z\u00e1mock\u00fd park"},"content":{"rendered":"<p>[vc_row][vc_column]<div id=\"ultimate-heading-177769e2ef8d39134\" class=\"uvc-heading ult-adjust-bottom-margin ultimate-heading-177769e2ef8d39134 uvc-7109 \" data-hspacer=\"no_spacer\"  data-halign=\"center\" style=\"text-align:center\"><div class=\"uvc-heading-spacer no_spacer\" style=\"top\"><\/div><div class=\"uvc-main-heading ult-responsive\"  data-ultimate-target='.uvc-heading.ultimate-heading-177769e2ef8d39134 h1'  data-responsive-json-new='{\"font-size\":\"desktop:50px;tablet:50px;tablet_portrait:40px;mobile_landscape:30px;mobile:30px;\",\"line-height\":\"desktop:70px;\"}' ><h1 style=\"font-family:&#039;Oswald&#039;;font-weight:normal;color:#148e39;margin-top:0px;margin-bottom:0px;\">Z\u00c1MOCK\u00dd PARK - PEZINOK<\/h1><\/div><\/div>[\/vc_column][\/vc_row][vc_row full_width=&#8220;stretch_row&#8220; css=&#8220;.vc_custom_1523518907477{padding-top: 10px !important;padding-bottom: 1px !important;background-color: #148e39 !important;}&#8220;][vc_column width=&#8220;1\/3&#8243; css=&#8220;.vc_custom_1491916568505{padding-top: 35px !important;}&#8220;]<div class=\"aio-icon-component    style_1\"><div id=\"Info-box-wrap-1461\" class=\"aio-icon-box left-icon\" style=\"\"  ><div class=\"aio-icon-left\"><div class=\"ult-just-icon-wrapper  \"><div class=\"align-icon\" style=\"text-align:center;\">\n<div class=\"aio-icon none \"  style=\"color:#d9d9d9;font-size:48px;display:inline-block;\">\n\t<i class=\"Defaults-map-marker\"><\/i>\n<\/div><\/div><\/div><\/div><div class=\"aio-ibd-block\"><div class=\"aio-icon-header\" ><h3 class=\"aio-icon-title ult-responsive\"  data-ultimate-target='#Info-box-wrap-1461 .aio-icon-title'  data-responsive-json-new='{\"font-size\":\"desktop:30px;\",\"line-height\":\"\"}'  style=\"font-family:&#039;Oswald&#039;;font-weight:500;color:#ffffff;\">Adresa<\/h3><\/div> <!-- header --><div class=\"aio-icon-description ult-responsive\"  data-ultimate-target='#Info-box-wrap-1461 .aio-icon-description'  data-responsive-json-new='{\"font-size\":\"desktop:18px;\",\"line-height\":\"desktop:30px;\"}'  style=\"font-family:&#039;Asap&#039;;color:#ffffff;\">Mladoboleslavsk\u00e1 ulica, Pezinok<\/div> <!-- description --><\/div> <!-- aio-ibd-block --><\/div> <!-- aio-icon-box --><\/div> <!-- aio-icon-component -->[\/vc_column][vc_column width=&#8220;1\/3&#8243; css=&#8220;.vc_custom_1491916576561{padding-top: 35px !important;}&#8220;]<div class=\"aio-icon-component    style_1\"><div id=\"Info-box-wrap-4097\" class=\"aio-icon-box left-icon\" style=\"\"  ><div class=\"aio-icon-left\"><div class=\"ult-just-icon-wrapper  \"><div class=\"align-icon\" style=\"text-align:center;\">\n<div class=\"aio-icon none \"  style=\"color:#d9d9d9;font-size:48px;display:inline-block;\">\n\t<i class=\"Defaults-phone\"><\/i>\n<\/div><\/div><\/div><\/div><div class=\"aio-ibd-block\"><div class=\"aio-icon-header\" ><h3 class=\"aio-icon-title ult-responsive\"  data-ultimate-target='#Info-box-wrap-4097 .aio-icon-title'  data-responsive-json-new='{\"font-size\":\"desktop:30px;\",\"line-height\":\"\"}'  style=\"font-family:&#039;Oswald&#039;;font-weight:500;color:#ffffff;\">Telef\u00f3n<\/h3><\/div> <!-- header --><div class=\"aio-icon-description ult-responsive\"  data-ultimate-target='#Info-box-wrap-4097 .aio-icon-description'  data-responsive-json-new='{\"font-size\":\"desktop:18px;\",\"line-height\":\"desktop:30px;\"}'  style=\"font-family:&#039;Asap&#039;;color:#ffffff;\">Spr\u00e1vca: 0917 147 463<\/p>\n<p>Mestsk\u00e1 pol\u00edcia: 159<\/div> <!-- description --><\/div> <!-- aio-ibd-block --><\/div> <!-- aio-icon-box --><\/div> <!-- aio-icon-component -->[\/vc_column][vc_column width=&#8220;1\/3&#8243; css=&#8220;.vc_custom_1491916584389{padding-top: 35px !important;}&#8220;]<div class=\"aio-icon-component    style_1\"><div id=\"Info-box-wrap-7336\" class=\"aio-icon-box left-icon\" style=\"\"  ><div class=\"aio-icon-left\"><div class=\"ult-just-icon-wrapper  \"><div class=\"align-icon\" style=\"text-align:center;\">\n<div class=\"aio-icon none \"  style=\"color:#d9d9d9;font-size:48px;display:inline-block;\">\n\t<i class=\"Defaults-envelope-o\"><\/i>\n<\/div><\/div><\/div><\/div><div class=\"aio-ibd-block\"><div class=\"aio-icon-header\" ><h3 class=\"aio-icon-title ult-responsive\"  data-ultimate-target='#Info-box-wrap-7336 .aio-icon-title'  data-responsive-json-new='{\"font-size\":\"desktop:30px;\",\"line-height\":\"\"}'  style=\"font-family:&#039;Oswald&#039;;font-weight:500;color:#ffffff;\">E-mail<\/h3><\/div> <!-- header --><\/div> <!-- aio-ibd-block --><\/div> <!-- aio-icon-box --><\/div> <!-- aio-icon-component -->[\/vc_column][\/vc_row][vc_row css=&#8220;.vc_custom_1729072321369{margin-top: -100px !important;}&#8220; offset=&#8220;vc_hidden-sm vc_hidden-xs&#8220;][vc_column width=&#8220;1\/6&#8243;][\/vc_column][vc_column width=&#8220;2\/3&#8243;]<div id=\"ultimate-heading-398769e2ef8d3941f\" class=\"uvc-heading ult-adjust-bottom-margin ultimate-heading-398769e2ef8d3941f uvc-3757 \" data-hspacer=\"line_only\"  data-halign=\"center\" style=\"text-align:center\"><div class=\"uvc-main-heading ult-responsive\"  data-ultimate-target='.uvc-heading.ultimate-heading-398769e2ef8d3941f h1'  data-responsive-json-new='{\"font-size\":\"desktop:50px;\",\"line-height\":\"desktop:70px;\"}' ><h1 style=\"font-family:&#039;Oswald&#039;;font-weight:normal;color:#148e39;margin-top:0px;margin-bottom:10px;\">Oznamy<\/h1><\/div><div class=\"uvc-heading-spacer line_only\" style=\"topheight:1px;\"><span class=\"uvc-headings-line\" style=\"border-style:solid;border-bottom-width:1px;border-color:#ededed;width:270px;\"><\/span><\/div><\/div>[vc_empty_space height=&#8220;50px&#8220;][vc_basic_grid post_type=&#8220;post&#8220; max_items=&#8220;2&#8243; style=&#8220;pagination&#8220; items_per_page=&#8220;1&#8243; element_width=&#8220;12&#8243; item=&#8220;3320&#8243; initial_loading_animation=&#8220;none&#8220; grid_id=&#8220;vc_gid:1741186970699-5f97f5ba-37aa-4&#8243; taxonomies=&#8220;42&#8243;][\/vc_column][vc_column width=&#8220;1\/6&#8243;][\/vc_column][\/vc_row][vc_row full_width=&#8220;stretch_row_content&#8220; css=&#8220;.vc_custom_1729072647857{margin-top: -90px !important;}&#8220; offset=&#8220;vc_hidden-lg vc_hidden-md&#8220;][vc_column]<div id=\"ultimate-heading-812569e2ef8d3944c\" class=\"uvc-heading ult-adjust-bottom-margin ultimate-heading-812569e2ef8d3944c uvc-8643 \" data-hspacer=\"line_only\"  data-halign=\"center\" style=\"text-align:center\"><div class=\"uvc-main-heading ult-responsive\"  data-ultimate-target='.uvc-heading.ultimate-heading-812569e2ef8d3944c h1'  data-responsive-json-new='{\"font-size\":\"desktop:50px;\",\"line-height\":\"desktop:70px;\"}' ><h1 style=\"font-family:&#039;Oswald&#039;;font-weight:normal;color:#148e39;margin-top:0px;margin-bottom:10px;\">Oznamy<\/h1><\/div><div class=\"uvc-heading-spacer line_only\" style=\"topheight:1px;\"><span class=\"uvc-headings-line\" style=\"border-style:solid;border-bottom-width:1px;border-color:#ededed;width:270px;\"><\/span><\/div><\/div>[vc_empty_space height=&#8220;50px&#8220;][vc_basic_grid post_type=&#8220;post&#8220; max_items=&#8220;2&#8243; style=&#8220;pagination&#8220; items_per_page=&#8220;1&#8243; element_width=&#8220;12&#8243; item=&#8220;3344&#8243; initial_loading_animation=&#8220;none&#8220; grid_id=&#8220;vc_gid:1741186970701-7bd2dae0-aaaa-10&#8243; taxonomies=&#8220;42&#8243;][\/vc_column][\/vc_row][vc_row css=&#8220;.vc_custom_1523452891325{margin-top: -50px !important;}&#8220;][vc_column][vc_column_text]<\/p>\n<p style=\"text-align: center;\"><span style=\"font-size: 17pt; color: #808080;\">Ka\u017ed\u00fd n\u00e1v\u0161tevn\u00edk parku je povinn\u00fd riadi\u0165 sa a spr\u00e1va\u0165 sa ustanoveniami<br \/>\nuveden\u00fdmi na informa\u010dn\u00fdch tabuliach.<\/span><\/p>\n<p>[\/vc_column_text][vc_single_image image=&#8220;1177&#8243; img_size=&#8220;full&#8220; alignment=&#8220;center&#8220;][vc_empty_space]<div id=\"ultimate-heading-993669e2ef8d39475\" class=\"uvc-heading ult-adjust-bottom-margin ultimate-heading-993669e2ef8d39475 uvc-1079 \" data-hspacer=\"line_only\"  data-halign=\"center\" style=\"text-align:center\"><div class=\"uvc-main-heading ult-responsive\"  data-ultimate-target='.uvc-heading.ultimate-heading-993669e2ef8d39475 h1'  data-responsive-json-new='{\"font-size\":\"desktop:50px;tablet:50px;tablet_portrait:40px;mobile_landscape:30px;mobile:30px;\",\"line-height\":\"desktop:70px;\"}' ><h1 style=\"font-family:&#039;Oswald&#039;;font-weight:normal;color:#148e39;margin-top:0px;margin-bottom:0px;\">Prev\u00e1dzkov\u00fd poriadok<\/h1><\/div><div class=\"uvc-heading-spacer line_only\" style=\"margin-top:32px;margin-bottom:42px;height:2px;\"><span class=\"uvc-headings-line\" style=\"border-style:solid;border-bottom-width:2px;border-color:#ededed;width:270px;\"><\/span><\/div><div class=\"uvc-sub-heading ult-responsive\"  data-ultimate-target='.uvc-heading.ultimate-heading-993669e2ef8d39475 .uvc-sub-heading '  data-responsive-json-new='{\"font-size\":\"desktop:16px;\",\"line-height\":\"desktop:30px;\"}'  style=\"font-family:&#039;Asap&#039;;font-weight:normal;color:#2d2d2d;\"><\/p>\n<h2 style=\"text-align: center;\">Z\u00e1mock\u00fd park Pezinok<\/h2>\n<p><\/div><\/div>[vc_empty_space][vc_btn title=&#8220;Prev\u00e1dzkov\u00fd poriadok v PDF&#8220; style=&#8220;classic&#8220; color=&#8220;success&#8220; size=&#8220;lg&#8220; align=&#8220;center&#8220; link=&#8220;url:https%3A%2F%2Fwww.mpspezinok.sk%2Fsk%2Fwp-content%2Fuploads%2F2024%2F10%2Fprevadzkovy_poriadok_zamockeho_parku.pdf&#8220;][vc_row_inner css=&#8220;.vc_custom_1728560135190{margin-top: 100px !important;}&#8220;][vc_column_inner width=&#8220;1\/2&#8243;][vc_single_image image=&#8220;992&#8243; img_size=&#8220;full&#8220; alignment=&#8220;center&#8220;][\/vc_column_inner][vc_column_inner width=&#8220;1\/2&#8243;][vc_single_image image=&#8220;989&#8243; img_size=&#8220;full&#8220; alignment=&#8220;center&#8220;][\/vc_column_inner][\/vc_row_inner][\/vc_column][\/vc_row][vc_row content_placement=&#8220;middle&#8220; css=&#8220;.vc_custom_1728560003291{margin-top: -150px !important;}&#8220;][vc_column css=&#8220;.vc_custom_1728468367174{background-color: #f9f9f9 !important;}&#8220;]<div id=\"ultimate-heading-210869e2ef8d394a0\" class=\"uvc-heading ult-adjust-bottom-margin ultimate-heading-210869e2ef8d394a0 uvc-9965 \" data-hspacer=\"line_only\"  data-halign=\"center\" style=\"text-align:center\"><div class=\"uvc-main-heading ult-responsive\"  data-ultimate-target='.uvc-heading.ultimate-heading-210869e2ef8d394a0 h1'  data-responsive-json-new='{\"font-size\":\"desktop:50px;tablet:50px;tablet_portrait:40px;mobile_landscape:30px;mobile:30px;\",\"line-height\":\"desktop:70px;\"}' ><h1 style=\"font-family:&#039;Oswald&#039;;font-weight:normal;color:#148e39;margin-top:0px;margin-bottom:0px;\">Kto dal park vybudova\u0165<\/h1><\/div><div class=\"uvc-heading-spacer line_only\" style=\"margin-top:32px;margin-bottom:42px;height:2px;\"><span class=\"uvc-headings-line\" style=\"border-style:solid;border-bottom-width:2px;border-color:#ededed;width:270px;\"><\/span><\/div><div class=\"uvc-sub-heading ult-responsive\"  data-ultimate-target='.uvc-heading.ultimate-heading-210869e2ef8d394a0 .uvc-sub-heading '  data-responsive-json-new='{\"font-size\":\"desktop:16px;\",\"line-height\":\"desktop:30px;\"}'  style=\"font-family:&#039;Asap&#039;;font-weight:normal;color:#2d2d2d;\"><\/p>\n<p style=\"text-align: center;\">Z\u00e1mock\u00fd park sa nach\u00e1dza <strong>v\u00a0centre Pezinka<\/strong> so vstupom z\u00a0Mladoboleslavskej ulice. <strong>Parkovisko<\/strong> n\u00e1jdete priamo pred\u00a0vstupom do\u00a0parku. <strong>Z\u00e1mock\u00fd park dal v roku 1844 vybudova\u0165 Franti\u0161ek P\u00e1lfy<\/strong>. V tomto obdob\u00ed boli v okol\u00ed z\u00e1mku vysaden\u00e9 vz\u00e1cne dreviny pod ktor\u00fdmi sa nach\u00e1dzali pomn\u00edky ob\u013e\u00faben\u00fdch gr\u00f3fskych psov. Z\u00e1mock\u00fd park sa postupom \u010dasu stal miestom oddychu nie len pre gr\u00f3fstvo, ale aj \u0161irok\u00fa verejnos\u0165.<\/p>\n<p>Po\u00a0smrti posledn\u00e9ho gr\u00f3fa z\u00a0rodu P\u00e1lfyovcov, park i\u00a0z\u00e1mok menili majite\u013eov, a\u017e napokon v\u00a0roku 1931\u00a0skon\u010dili v\u00a0ruk\u00e1ch mesta Pezinok, ktor\u00e9 sa o jeho dobr\u00fd stav star\u00e1 prostredn\u00edctvom Mestsk\u00e9ho podniku slu\u017eieb. Mesto \u010dasom predalo z\u00e1mok Slovensk\u00e9mu vinohradn\u00edckemu dru\u017estvu, (od roku 2015 <strong><a href=\"https:\/\/www.palacearthotel.sk\/sk\/hotel-historia-zamku-pezinok\/\">\u0160im\u00e1k Z\u00e1mok Pezinok<\/a><\/strong>), park si v\u0161ak ponechalo dodnes a\u00a0postupne ho zve\u013ea\u010fovalo.<\/div><\/div>[\/vc_column][\/vc_row][vc_row css=&#8220;.vc_custom_1524481006567{margin-top: -100px !important;}&#8220;][vc_column]<div id=\"ultimate-heading-9769e2ef8d394ca\" class=\"uvc-heading ult-adjust-bottom-margin ultimate-heading-9769e2ef8d394ca uvc-8353 \" data-hspacer=\"line_only\"  data-halign=\"center\" style=\"text-align:center\"><div class=\"uvc-main-heading ult-responsive\"  data-ultimate-target='.uvc-heading.ultimate-heading-9769e2ef8d394ca h1'  data-responsive-json-new='{\"font-size\":\"desktop:50px;tablet:50px;tablet_portrait:40px;mobile_landscape:30px;mobile:30px;\",\"line-height\":\"desktop:70px;\"}' ><h1 style=\"font-family:&#039;Oswald&#039;;font-weight:normal;color:#148e39;margin-top:0px;margin-bottom:0px;\">\u010co park predstavuje<\/h1><\/div><div class=\"uvc-heading-spacer line_only\" style=\"margin-top:32px;margin-bottom:42px;height:2px;\"><span class=\"uvc-headings-line\" style=\"border-style:solid;border-bottom-width:2px;border-color:#ededed;width:270px;\"><\/span><\/div><div class=\"uvc-sub-heading ult-responsive\"  data-ultimate-target='.uvc-heading.ultimate-heading-9769e2ef8d394ca .uvc-sub-heading '  data-responsive-json-new='{\"font-size\":\"desktop:16px;\",\"line-height\":\"desktop:30px;\"}'  style=\"font-family:&#039;Asap&#039;;font-weight:normal;color:#2d2d2d;\"><\/p>\n<p style=\"text-align: center;\">V\u00a0s\u00fa\u010dasnosti park predstavuje\u00a0ide\u00e1lne <strong>oddychov\u00e9 miesto<\/strong>\u00a0pre\u00a0obyvate\u013eov Pezinka, ale aj\u00a0n\u00e1v\u0161tevn\u00edkov z\u00a0okolia. <strong>Vz\u00e1cne dreviny vysaden\u00e9 v\u00a0minulosti<\/strong>, ako platan, magn\u00f3lia alebo gled\u00ed\u010dia trojt\u0155\u0148ov\u00e1, tu n\u00e1jdete dodnes. Pre\u00a0lep\u0161iu orient\u00e1ciu je priamo pri vstupe umiestnen\u00e1\u00a0<strong>informa\u010dn\u00e1 tabu\u013ea<\/strong> s\u00a0popisom rastl\u00edn a\u00a0\u017eivo\u010d\u00edchov, ktor\u00e9 tu n\u00e1jdete. Okrem\u00a0toho s\u00fa po\u00a0are\u00e1li rozmiestnen\u00e9 aj\u00a0mal\u00e9 tabu\u013eky so\u00a0slovensk\u00fdmi a\u00a0latinsk\u00fdmi n\u00e1zvami konkr\u00e9tnych v\u00fdnimo\u010dn\u00fdch rastl\u00edn. Park je zauj\u00edmav\u00fd aj\u00a0svojou faunou. Okrem\u00a0ka\u010diek a\u00a0in\u00fdch druhov vt\u00e1kov, tu m\u00f4\u017eete natrafi\u0165 aj\u00a0na\u00a0veveri\u010dky. Na\u00a0vstupnej br\u00e1ne do\u00a0parku je upozornenie pre\u00a0n\u00e1v\u0161tevn\u00edkov, aby ju zatv\u00e1rali, ke\u010f\u017ee\u00a0po\u00a0parku sa\u00a0<strong>vo\u013ene pohybuj\u00fa p\u00e1vy<\/strong>. S\u00fa\u010das\u0165ou parku je aj\u00a0<strong>jazierko<\/strong>, mo\u017eno v\u00a0\u0148om vidie\u0165 pl\u00e1va\u0165 ryby.<\/p>\n<p style=\"text-align: center;\">Obrovsk\u00e9\u00a0tr\u00e1vnat\u00e9 plochy, chodn\u00ed\u010dky a jazierko\u00a0s\u00fa tu l\u00e1kadlom pre v\u0161etky deti. N\u00e1jdete tu aj mal\u00fa kni\u017enicu a prepojen\u00e9 <strong>detsk\u00e9 ihrisko<\/strong>. Netreba v\u0161ak zab\u00fada\u0165 na dodr\u017eiavanie <strong><a href=\"https:\/\/www.mpspezinok.sk\/sk\/wp-content\/uploads\/2024\/10\/prevadzkovy_poriadok_zamockeho_parku.pdf\">n\u00e1v\u0161tevn\u00e9ho poriadku<\/a><\/strong> \u2013\u00a0nezne\u010dis\u0165ova\u0165, neru\u0161i\u0165 a nepo\u0161kodzova\u0165\u00a0okolit\u00fa pr\u00edrodu. Okrem toho, je do parku\u00a0z\u00e1kaz vstupu so psom, na kor\u010duliach \u010di bicykli. Are\u00e1l Z\u00e1mock\u00e9ho parku je pomerne roz\u013eahl\u00fd, jeho s\u00fa\u010das\u0165ou je Pezinsk\u00fd z\u00e1mok, miestne centrum vo\u013en\u00e9ho \u010dasu a\u00a0zrekon\u0161truovan\u00e9 verejn\u00e9 toalety.<\/p>\n<p><\/div><\/div>[vc_empty_space][\/vc_column][\/vc_row][vc_row full_width=&#8220;stretch_row&#8220; equal_height=&#8220;yes&#8220; content_placement=&#8220;middle&#8220; css=&#8220;.vc_custom_1523517301280{margin-top: -50px !important;margin-bottom: -50px !important;background-color: #f9f9f9 !important;}&#8220;][vc_column width=&#8220;1\/2&#8243; css=&#8220;.vc_custom_1523517330442{margin-top: -50px !important;margin-bottom: -50px !important;}&#8220;][vc_gmaps link=&#8220;#E-8_JTNDaWZyYW1lJTIwc3JjJTNEJTIyaHR0cHMlM0ElMkYlMkZ3d3cuZ29vZ2xlLmNvbSUyRm1hcHMlMkZlbWJlZCUzRnBiJTNEJTIxMW0xOCUyMTFtMTIlMjExbTMlMjExZDI2NTQuNTc3ODc2NTMwNzUlMjEyZDE3LjI2NDc0NjIxNTUwMzg4NCUyMTNkNDguMjkxNzM2MzQ4MzkwNDclMjEybTMlMjExZjAlMjEyZjAlMjEzZjAlMjEzbTIlMjExaTEwMjQlMjEyaTc2OCUyMTRmMTMuMSUyMTNtMyUyMTFtMiUyMTFzMHg0NzZjOTBjOGJjZWYzOGNkJTI1M0EweDMyZGYyN2U2NzRhYTE3ZTclMjEyeldzT2hiVzlqYThPOUlIQmhjbXMlMjE1ZTAlMjEzbTIlMjExc3NrJTIxMnNzayUyMTR2MTUyMzUyMDAxMzQ1NSUyMiUyMHdpZHRoJTNEJTIyNjAwJTIyJTIwaGVpZ2h0JTNEJTIyNTAwJTIyJTIwZnJhbWVib3JkZXIlM0QlMjIwJTIyJTIwc3R5bGUlM0QlMjJib3JkZXIlM0EwJTIyJTIwYWxsb3dmdWxsc2NyZWVuJTNFJTNDJTJGaWZyYW1lJTNF&#8220;][\/vc_column][vc_column width=&#8220;1\/2&#8243; css=&#8220;.vc_custom_1523517342722{margin-top: -50px !important;margin-bottom: -50px !important;padding-right: 15% !important;padding-left: 15% !important;}&#8220;]<div id=\"ultimate-heading-794369e2ef8d394f4\" class=\"uvc-heading ult-adjust-bottom-margin ultimate-heading-794369e2ef8d394f4 uvc-6033 \" data-hspacer=\"line_only\"  data-halign=\"left\" style=\"text-align:left\"><div class=\"uvc-main-heading ult-responsive\"  data-ultimate-target='.uvc-heading.ultimate-heading-794369e2ef8d394f4 h1'  data-responsive-json-new='{\"font-size\":\"desktop:50px;\",\"line-height\":\"desktop:70px;\"}' ><h1 style=\"font-family:&#039;Oswald&#039;;font-weight:normal;color:#148e39;margin-top:0px;margin-bottom:0px;\">Otv\u00e1racie hodiny:<\/h1><\/div><div class=\"uvc-heading-spacer line_only\" style=\"margin-top:32px;margin-bottom:42px;height:2px;\"><span class=\"uvc-headings-line\" style=\"border-style:solid;border-bottom-width:2px;border-color:#ededed;width:270px;\"><\/span><\/div><div class=\"uvc-sub-heading ult-responsive\"  data-ultimate-target='.uvc-heading.ultimate-heading-794369e2ef8d394f4 .uvc-sub-heading '  data-responsive-json-new='{\"font-size\":\"desktop:16px;\",\"line-height\":\"desktop:30px;\"}'  style=\"font-family:&#039;Asap&#039;;font-weight:normal;color:#2d2d2d;\"><span style=\"font-size: 18pt;\"><b>Letn\u00e1 sez\u00f3na<\/b><\/span><\/p>\n<p><span style=\"font-size: 14pt;\"><strong>1.4. &#8211; 31.5<\/strong>. a <strong>1.9. &#8211; 31.10.\u00a0\u00a0<\/strong><\/span><span style=\"color: #148e39;\"><strong><span style=\"font-size: 14pt;\">6:30 &#8211; 20:00<\/span><\/strong><\/span><\/p>\n<p><span style=\"font-size: 14pt;\"><strong>1.6. &#8211; 31.8.\u00a0\u00a0<\/strong><\/span><span style=\"color: #148e39;\"><strong><span style=\"font-size: 14pt;\">6:30 &#8211; 21:00<\/span><\/strong><\/span><\/p>\n<p>&nbsp;<\/p>\n<p><span style=\"font-size: 18pt;\"><strong>Zimn\u00e1 sez\u00f3na<\/strong><\/span><\/p>\n<p><span style=\"font-size: 14pt;\"><strong>1.11. &#8211; 31.3.<\/strong><\/span>\u00a0\u00a0<strong><span style=\"color: #148e39; font-size: 14pt;\">7:00 &#8211; 18:00<\/span><\/strong><\/div><\/div>[\/vc_column][\/vc_row][vc_row full_width=&#8220;stretch_row&#8220; css=&#8220;.vc_custom_1523452201450{margin-top: -100px !important;background-position: 0 0 !important;background-repeat: no-repeat !important;}&#8220;][vc_column]<div id=\"ultimate-heading-106269e2ef8d3951c\" class=\"uvc-heading ult-adjust-bottom-margin ultimate-heading-106269e2ef8d3951c uvc-9013 \" data-hspacer=\"no_spacer\"  data-halign=\"center\" style=\"text-align:center\"><div class=\"uvc-heading-spacer no_spacer\" style=\"top\"><\/div><div class=\"uvc-main-heading ult-responsive\"  data-ultimate-target='.uvc-heading.ultimate-heading-106269e2ef8d3951c h4'  data-responsive-json-new='{\"font-size\":\"desktop:50px;\",\"line-height\":\"desktop:70px;\"}' ><h4 style=\"font-family:&#039;Oswald&#039;;font-weight:normal;color:#148e39;margin-top:0px;margin-bottom:0px;\">Gal\u00e9ria - Z\u00e1mock\u00fd park<\/h4><\/div><\/div>[vc_empty_space height=&#8220;50px&#8220;][vc_masonry_media_grid element_width=&#8220;2&#8243; grid_id=&#8220;vc_gid:1741186970707-e39f2c81-15d5-1&#8243; include=&#8220;1007,1004,1005,1002,1000,992,991,993,994,997,989,990,649,640,642,641,627,626,1396,1397,1398,1399,1400,1401,1402,1403,1404,1405,1406,1407,1408,1411,1412,1413,1414,1415,1416,1421,1417,1418,1419,1420&#8243;][\/vc_column][\/vc_row][vc_row full_width=&#8220;stretch_row_content&#8220; content_placement=&#8220;middle&#8220; css=&#8220;.vc_custom_1727340632929{margin-top: -20px !important;margin-bottom: 40px !important;padding-top: 0px !important;padding-bottom: 0px !important;}&#8220;][vc_column][\/vc_column][\/vc_row]<\/p>\n","protected":false},"excerpt":{"rendered":"<p>[vc_row][vc_column][\/vc_column][\/vc_row][vc_row full_width=&#8220;stretch_row&#8220; css=&#8220;.vc_custom_1523518907477{padding-top: 10px !important;padding-bottom: 1px !important;background-color: #148e39 !important;}&#8220;][vc_column width=&#8220;1\/3&#8243; css=&#8220;.vc_custom_1491916568505{padding-top: 35px !important;}&#8220;][\/vc_column][vc_column width=&#8220;1\/3&#8243; css=&#8220;.vc_custom_1491916576561{padding-top: 35px !important;}&#8220;][\/vc_column][vc_column width=&#8220;1\/3&#8243; css=&#8220;.vc_custom_1491916584389{padding-top: 35px !important;}&#8220;][\/vc_column][\/vc_row][vc_row css=&#8220;.vc_custom_1729072321369{margin-top: -100px !important;}&#8220; offset=&#8220;vc_hidden-sm vc_hidden-xs&#8220;][vc_column width=&#8220;1\/6&#8243;][\/vc_column][vc_column width=&#8220;2\/3&#8243;][vc_empty_space height=&#8220;50px&#8220;][vc_basic_grid post_type=&#8220;post&#8220; max_items=&#8220;2&#8243; style=&#8220;pagination&#8220; items_per_page=&#8220;1&#8243; element_width=&#8220;12&#8243; item=&#8220;3320&#8243; initial_loading_animation=&#8220;none&#8220; grid_id=&#8220;vc_gid:1741186970699-5f97f5ba-37aa-4&#8243; taxonomies=&#8220;42&#8243;][\/vc_column][vc_column width=&#8220;1\/6&#8243;][\/vc_column][\/vc_row][vc_row full_width=&#8220;stretch_row_content&#8220;&#8230;<\/p>\n","protected":false},"author":3,"featured_media":0,"parent":0,"menu_order":0,"comment_status":"closed","ping_status":"closed","template":"","meta":[],"_links":{"self":[{"href":"https:\/\/www.mpspezinok.sk\/sk\/wp-json\/wp\/v2\/pages\/1102"}],"collection":[{"href":"https:\/\/www.mpspezinok.sk\/sk\/wp-json\/wp\/v2\/pages"}],"about":[{"href":"https:\/\/www.mpspezinok.sk\/sk\/wp-json\/wp\/v2\/types\/page"}],"author":[{"embeddable":true,"href":"https:\/\/www.mpspezinok.sk\/sk\/wp-json\/wp\/v2\/users\/3"}],"replies":[{"embeddable":true,"href":"https:\/\/www.mpspezinok.sk\/sk\/wp-json\/wp\/v2\/comments?post=1102"}],"version-history":[{"count":28,"href":"https:\/\/www.mpspezinok.sk\/sk\/wp-json\/wp\/v2\/pages\/1102\/revisions"}],"predecessor-version":[{"id":3664,"href":"https:\/\/www.mpspezinok.sk\/sk\/wp-json\/wp\/v2\/pages\/1102\/revisions\/3664"}],"wp:attachment":[{"href":"https:\/\/www.mpspezinok.sk\/sk\/wp-json\/wp\/v2\/media?parent=1102"}],"curies":[{"name":"wp","href":"https:\/\/api.w.org\/{rel}","templated":true}]}}