{"id":290,"date":"2018-03-12T11:06:35","date_gmt":"2018-03-12T10:06:35","guid":{"rendered":"https:\/\/www.mpspezinok.sk\/sk\/?page_id=290"},"modified":"2024-10-25T11:54:20","modified_gmt":"2024-10-25T09:54:20","slug":"technicky-a-skladovy-areal-mps","status":"publish","type":"page","link":"https:\/\/www.mpspezinok.sk\/sk\/technicky-a-skladovy-areal-mps\/","title":{"rendered":"Technick\u00fd a skladov\u00fd are\u00e1l MPS"},"content":{"rendered":"<p>[vc_row][vc_column]<div id=\"ultimate-heading-420169e2f0007c8a4\" class=\"uvc-heading ult-adjust-bottom-margin ultimate-heading-420169e2f0007c8a4 uvc-5669 \" data-hspacer=\"no_spacer\"  data-halign=\"center\" style=\"text-align:center\"><div class=\"uvc-heading-spacer no_spacer\" style=\"top\"><\/div><div class=\"uvc-main-heading ult-responsive\"  data-ultimate-target='.uvc-heading.ultimate-heading-420169e2f0007c8a4 h1'  data-responsive-json-new='{\"font-size\":\"desktop:50px;tablet:50px;tablet_portrait:40px;mobile_landscape:30px;mobile:30px;\",\"line-height\":\"desktop:70px;\"}' ><h1 style=\"font-family:&#039;Oswald&#039;;font-weight:normal;color:#148e39;margin-top:0px;margin-bottom:0px;\">TECHNICK\u00dd SKLADOV\u00dd ARE\u00c1L - DUBOV\u00dd V\u0154\u0160OK<\/h1><\/div><\/div>[\/vc_column][\/vc_row][vc_row full_width=&#8220;stretch_row&#8220; css=&#8220;.vc_custom_1523518907477{padding-top: 10px !important;padding-bottom: 1px !important;background-color: #148e39 !important;}&#8220;][vc_column width=&#8220;1\/3&#8243; css=&#8220;.vc_custom_1491916568505{padding-top: 35px !important;}&#8220;]<div class=\"aio-icon-component    style_1\"><div id=\"Info-box-wrap-3934\" class=\"aio-icon-box left-icon\" style=\"\"  ><div class=\"aio-icon-left\"><div class=\"ult-just-icon-wrapper  \"><div class=\"align-icon\" style=\"text-align:center;\">\n<div class=\"aio-icon none \"  style=\"color:#d9d9d9;font-size:48px;display:inline-block;\">\n\t<i class=\"Defaults-map-marker\"><\/i>\n<\/div><\/div><\/div><\/div><div class=\"aio-ibd-block\"><div class=\"aio-icon-header\" ><h3 class=\"aio-icon-title ult-responsive\"  data-ultimate-target='#Info-box-wrap-3934 .aio-icon-title'  data-responsive-json-new='{\"font-size\":\"desktop:30px;\",\"line-height\":\"\"}'  style=\"font-family:&#039;Oswald&#039;;font-weight:500;color:#ffffff;\">Adresa<\/h3><\/div> <!-- header --><div class=\"aio-icon-description ult-responsive\"  data-ultimate-target='#Info-box-wrap-3934 .aio-icon-description'  data-responsive-json-new='{\"font-size\":\"desktop:18px;\",\"line-height\":\"desktop:30px;\"}'  style=\"font-family:&#039;Asap&#039;;color:#ffffff;\">Fajgalsk\u00e1 cesta, Pezinok<\/div> <!-- description --><\/div> <!-- aio-ibd-block --><\/div> <!-- aio-icon-box --><\/div> <!-- aio-icon-component -->[\/vc_column][vc_column width=&#8220;1\/3&#8243; css=&#8220;.vc_custom_1491916576561{padding-top: 35px !important;}&#8220;]<div class=\"aio-icon-component    style_1\"><div id=\"Info-box-wrap-4449\" class=\"aio-icon-box left-icon\" style=\"\"  ><div class=\"aio-icon-left\"><div class=\"ult-just-icon-wrapper  \"><div class=\"align-icon\" style=\"text-align:center;\">\n<div class=\"aio-icon none \"  style=\"color:#d9d9d9;font-size:48px;display:inline-block;\">\n\t<i class=\"Defaults-phone\"><\/i>\n<\/div><\/div><\/div><\/div><div class=\"aio-ibd-block\"><div class=\"aio-icon-header\" ><h3 class=\"aio-icon-title ult-responsive\"  data-ultimate-target='#Info-box-wrap-4449 .aio-icon-title'  data-responsive-json-new='{\"font-size\":\"desktop:30px;\",\"line-height\":\"\"}'  style=\"font-family:&#039;Oswald&#039;;font-weight:500;color:#ffffff;\">Telef\u00f3n<\/h3><\/div> <!-- header --><\/div> <!-- aio-ibd-block --><\/div> <!-- aio-icon-box --><\/div> <!-- aio-icon-component -->[\/vc_column][vc_column width=&#8220;1\/3&#8243; css=&#8220;.vc_custom_1491916584389{padding-top: 35px !important;}&#8220;]<div class=\"aio-icon-component    style_1\"><div id=\"Info-box-wrap-8983\" class=\"aio-icon-box left-icon\" style=\"\"  ><div class=\"aio-icon-left\"><div class=\"ult-just-icon-wrapper  \"><div class=\"align-icon\" style=\"text-align:center;\">\n<div class=\"aio-icon none \"  style=\"color:#d9d9d9;font-size:48px;display:inline-block;\">\n\t<i class=\"Defaults-envelope-o\"><\/i>\n<\/div><\/div><\/div><\/div><div class=\"aio-ibd-block\"><div class=\"aio-icon-header\" ><h3 class=\"aio-icon-title ult-responsive\"  data-ultimate-target='#Info-box-wrap-8983 .aio-icon-title'  data-responsive-json-new='{\"font-size\":\"desktop:30px;\",\"line-height\":\"\"}'  style=\"font-family:&#039;Oswald&#039;;font-weight:500;color:#ffffff;\">E-mail<\/h3><\/div> <!-- header --><\/div> <!-- aio-ibd-block --><\/div> <!-- aio-icon-box --><\/div> <!-- aio-icon-component -->[\/vc_column][\/vc_row][vc_row css=&#8220;.vc_custom_1524480694956{margin-top: -50px !important;}&#8220;][vc_column]<div id=\"ultimate-heading-857169e2f0007cc16\" class=\"uvc-heading ult-adjust-bottom-margin ultimate-heading-857169e2f0007cc16 uvc-4023 \" data-hspacer=\"no_spacer\"  data-halign=\"center\" style=\"text-align:center\"><div class=\"uvc-heading-spacer no_spacer\" style=\"top\"><\/div><div class=\"uvc-main-heading ult-responsive\"  data-ultimate-target='.uvc-heading.ultimate-heading-857169e2f0007cc16 h1'  data-responsive-json-new='{\"font-size\":\"desktop:50px;tablet:50px;tablet_portrait:40px;mobile_landscape:30px;mobile:30px;\",\"line-height\":\"desktop:70px;\"}' ><h1 style=\"font-family:&#039;Oswald&#039;;font-weight:normal;color:#148e39;margin-top:0px;margin-bottom:0px;\">Jarn\u00e9 a jesenn\u00e9 upratovanie pre ob\u010danov mesta Pezinok<\/h1><\/div><div class=\"uvc-sub-heading ult-responsive\"  data-ultimate-target='.uvc-heading.ultimate-heading-857169e2f0007cc16 .uvc-sub-heading '  data-responsive-json-new='{\"font-size\":\"desktop:16px;\",\"line-height\":\"desktop:30px;\"}'  style=\"font-family:&#039;Asap&#039;;font-weight:normal;color:#2d2d2d;\">V are\u00e1li skladujeme materi\u00e1l, pou\u017e\u00edvan\u00fd na opravy mestsk\u00fdch stavieb a komunik\u00e1ci\u00ed. Taktie\u017e sa tu vykon\u00e1va vo vyhl\u00e1sen\u00fdch term\u00ednoch zber odpadu od Pezin\u010danov v r\u00e1mci celomestsk\u00e9ho upratovania. Viac o celomestskom upratovan\u00ed:<\/div><\/div>[vc_empty_space][vc_btn title=&#8220;Celomestsk\u00e9 upratovanie&#8220; style=&#8220;classic&#8220; color=&#8220;success&#8220; size=&#8220;lg&#8220; align=&#8220;center&#8220; link=&#8220;url:https%3A%2F%2Fwww.mpspezinok.sk%2Fsk%2Fsluzby%2Fcelomestske-upratovanie-zber-odpadu%2F&#8220;][\/vc_column][\/vc_row][vc_row css=&#8220;.vc_custom_1729850056946{margin-top: -120px !important;}&#8220;][vc_column][vc_row_inner][vc_column_inner width=&#8220;1\/2&#8243;][vc_single_image image=&#8220;1083&#8243; img_size=&#8220;full&#8220; alignment=&#8220;center&#8220;][\/vc_column_inner][vc_column_inner width=&#8220;1\/2&#8243;][vc_gmaps link=&#8220;#E-8_JTNDaWZyYW1lJTIwc3JjJTNEJTIyaHR0cHMlM0ElMkYlMkZ3d3cuZ29vZ2xlLmNvbSUyRm1hcHMlMkZlbWJlZCUzRnBiJTNEJTIxMW0xOCUyMTFtMTIlMjExbTMlMjExZDEwNjI1LjQ0ODExNDQ1ODIxNSUyMTJkMTcuMjM4OTY4MjM5MTM5MzA0JTIxM2Q0OC4yOTAzNTcxMTc3NzI4OCUyMTJtMyUyMTFmMCUyMTJmMCUyMTNmMCUyMTNtMiUyMTFpMTAyNCUyMTJpNzY4JTIxNGYxMy4xJTIxM20zJTIxMW0yJTIxMXMweDAlMjUzQTB4MCUyMTJ6TkRqQ3NERTNKekkxTGpNaVRpQXhOOEt3TVRRbk5URXVPQ0pGJTIxNWUwJTIxM20yJTIxMXNzayUyMTJzc2slMjE0djE1MjQ0NzE2OTE3NDYlMjIlMjB3aWR0aCUzRCUyMjYwMCUyMiUyMGhlaWdodCUzRCUyMjQwMCUyMiUyMGZyYW1lYm9yZGVyJTNEJTIyMCUyMiUyMHN0eWxlJTNEJTIyYm9yZGVyJTNBMCUyMiUyMGFsbG93ZnVsbHNjcmVlbiUzRSUzQyUyRmlmcmFtZSUzRQ==&#8220;][\/vc_column_inner][\/vc_row_inner][\/vc_column][\/vc_row][vc_row full_width=&#8220;stretch_row&#8220; css=&#8220;.vc_custom_1524480983489{margin-top: -150px !important;background-position: 0 0 !important;background-repeat: no-repeat !important;}&#8220;][vc_column]<div id=\"ultimate-heading-394669e2f0007cc4b\" class=\"uvc-heading ult-adjust-bottom-margin ultimate-heading-394669e2f0007cc4b uvc-934 \" data-hspacer=\"no_spacer\"  data-halign=\"center\" style=\"text-align:center\"><div class=\"uvc-heading-spacer no_spacer\" style=\"top\"><\/div><div class=\"uvc-main-heading ult-responsive\"  data-ultimate-target='.uvc-heading.ultimate-heading-394669e2f0007cc4b h4'  data-responsive-json-new='{\"font-size\":\"desktop:50px;tablet:50px;tablet_portrait:40px;mobile_landscape:30px;mobile:30px;\",\"line-height\":\"desktop:70px;\"}' ><h4 style=\"font-family:&#039;Oswald&#039;;font-weight:normal;color:#148e39;margin-top:0px;margin-bottom:0px;\">Gal\u00e9ria TSA Dubov\u00fd v\u0155\u0161ok<\/h4><\/div><\/div>[vc_empty_space height=&#8220;50px&#8220;][vc_masonry_media_grid element_width=&#8220;2&#8243; grid_id=&#8220;vc_gid:1729849817494-23b41456-af16-4&#8243; include=&#8220;1083&#8243;][\/vc_column][\/vc_row]<\/p>\n","protected":false},"excerpt":{"rendered":"<p>[vc_row][vc_column][\/vc_column][\/vc_row][vc_row full_width=&#8220;stretch_row&#8220; css=&#8220;.vc_custom_1523518907477{padding-top: 10px !important;padding-bottom: 1px !important;background-color: #148e39 !important;}&#8220;][vc_column width=&#8220;1\/3&#8243; css=&#8220;.vc_custom_1491916568505{padding-top: 35px !important;}&#8220;][\/vc_column][vc_column width=&#8220;1\/3&#8243; css=&#8220;.vc_custom_1491916576561{padding-top: 35px !important;}&#8220;][\/vc_column][vc_column width=&#8220;1\/3&#8243; css=&#8220;.vc_custom_1491916584389{padding-top: 35px !important;}&#8220;][\/vc_column][\/vc_row][vc_row css=&#8220;.vc_custom_1524480694956{margin-top: -50px !important;}&#8220;][vc_column][vc_empty_space][vc_btn title=&#8220;Celomestsk\u00e9 upratovanie&#8220; style=&#8220;classic&#8220; color=&#8220;success&#8220; size=&#8220;lg&#8220; align=&#8220;center&#8220; link=&#8220;url:https%3A%2F%2Fwww.mpspezinok.sk%2Fsk%2Fsluzby%2Fcelomestske-upratovanie-zber-odpadu%2F&#8220;][\/vc_column][\/vc_row][vc_row css=&#8220;.vc_custom_1729850056946{margin-top: -120px !important;}&#8220;][vc_column][vc_row_inner][vc_column_inner width=&#8220;1\/2&#8243;][vc_single_image image=&#8220;1083&#8243; img_size=&#8220;full&#8220; alignment=&#8220;center&#8220;][\/vc_column_inner][vc_column_inner width=&#8220;1\/2&#8243;][vc_gmaps link=&#8220;#E-8_JTNDaWZyYW1lJTIwc3JjJTNEJTIyaHR0cHMlM0ElMkYlMkZ3d3cuZ29vZ2xlLmNvbSUyRm1hcHMlMkZlbWJlZCUzRnBiJTNEJTIxMW0xOCUyMTFtMTIlMjExbTMlMjExZDEwNjI1LjQ0ODExNDQ1ODIxNSUyMTJkMTcuMjM4OTY4MjM5MTM5MzA0JTIxM2Q0OC4yOTAzNTcxMTc3NzI4OCUyMTJtMyUyMTFmMCUyMTJmMCUyMTNmMCUyMTNtMiUyMTFpMTAyNCUyMTJpNzY4JTIxNGYxMy4xJTIxM20zJTIxMW0yJTIxMXMweDAlMjUzQTB4MCUyMTJ6TkRqQ3NERTNKekkxTGpNaVRpQXhOOEt3TVRRbk5URXVPQ0pGJTIxNWUwJTIxM20yJTIxMXNzayUyMTJzc2slMjE0djE1MjQ0NzE2OTE3NDYlMjIlMjB3aWR0aCUzRCUyMjYwMCUyMiUyMGhlaWdodCUzRCUyMjQwMCUyMiUyMGZyYW1lYm9yZGVyJTNEJTIyMCUyMiUyMHN0eWxlJTNEJTIyYm9yZGVyJTNBMCUyMiUyMGFsbG93ZnVsbHNjcmVlbiUzRSUzQyUyRmlmcmFtZSUzRQ==&#8220;][\/vc_column_inner][\/vc_row_inner][\/vc_column][\/vc_row][vc_row&#8230;<\/p>\n","protected":false},"author":3,"featured_media":0,"parent":0,"menu_order":0,"comment_status":"closed","ping_status":"closed","template":"","meta":[],"_links":{"self":[{"href":"https:\/\/www.mpspezinok.sk\/sk\/wp-json\/wp\/v2\/pages\/290"}],"collection":[{"href":"https:\/\/www.mpspezinok.sk\/sk\/wp-json\/wp\/v2\/pages"}],"about":[{"href":"https:\/\/www.mpspezinok.sk\/sk\/wp-json\/wp\/v2\/types\/page"}],"author":[{"embeddable":true,"href":"https:\/\/www.mpspezinok.sk\/sk\/wp-json\/wp\/v2\/users\/3"}],"replies":[{"embeddable":true,"href":"https:\/\/www.mpspezinok.sk\/sk\/wp-json\/wp\/v2\/comments?post=290"}],"version-history":[{"count":83,"href":"https:\/\/www.mpspezinok.sk\/sk\/wp-json\/wp\/v2\/pages\/290\/revisions"}],"predecessor-version":[{"id":3485,"href":"https:\/\/www.mpspezinok.sk\/sk\/wp-json\/wp\/v2\/pages\/290\/revisions\/3485"}],"wp:attachment":[{"href":"https:\/\/www.mpspezinok.sk\/sk\/wp-json\/wp\/v2\/media?parent=290"}],"curies":[{"name":"wp","href":"https:\/\/api.w.org\/{rel}","templated":true}]}}